{"id":3516,"date":"2020-11-07T03:49:05","date_gmt":"2020-11-07T03:49:05","guid":{"rendered":"http:\/\/immobs.lu\/?page_id=3516"},"modified":"2026-04-28T13:59:51","modified_gmt":"2026-04-28T13:59:51","slug":"services","status":"publish","type":"page","link":"https:\/\/immobs.lu\/de\/services\/","title":{"rendered":"Unsere Dienste"},"content":{"rendered":"<div data-elementor-type=\"wp-page\" data-elementor-id=\"3516\" class=\"elementor elementor-3516\">\n\t\t\t\t\t\t\t\t\t<section class=\"elementor-section elementor-top-section elementor-element elementor-element-6111d06fed0d3 custom-bg-page-sercices elementor-section-boxed elementor-section-height-default elementor-section-height-default\" data-id=\"6111d06fed0d3\" data-element_type=\"section\">\n\t\t\t\t\t\t<div class=\"elementor-container elementor-column-gap-no\">\n\t\t\t\t\t<div class=\"elementor-column elementor-col-100 elementor-top-column elementor-element elementor-element-7a451706\" data-id=\"7a451706\" data-element_type=\"column\">\n\t\t\t<div class=\"elementor-widget-wrap elementor-element-populated\">\n\t\t\t\t\t\t\t\t<section class=\"elementor-section elementor-inner-section elementor-element elementor-element-b8f1e39 elementor-section-boxed elementor-section-height-default elementor-section-height-default\" data-id=\"b8f1e39\" data-element_type=\"section\" data-settings=\"{&quot;background_background&quot;:&quot;classic&quot;}\">\n\t\t\t\t\t\t<div class=\"elementor-container elementor-column-gap-default\">\n\t\t\t\t\t<div class=\"elementor-column elementor-col-100 elementor-inner-column elementor-element elementor-element-3b5555a\" data-id=\"3b5555a\" data-element_type=\"column\">\n\t\t\t<div class=\"elementor-widget-wrap elementor-element-populated\">\n\t\t\t\t\t\t\t\t<div class=\"elementor-element elementor-element-a8bd0be elementor-widget elementor-widget-spacer\" data-id=\"a8bd0be\" data-element_type=\"widget\" data-widget_type=\"spacer.default\">\n\t\t\t\t<div class=\"elementor-widget-container\">\n\t\t\t<style>\/*! elementor - v3.6.4 - 13-04-2022 *\/\n.e-container.e-container--row .elementor-spacer-inner{width:var(--spacer-size)}.e-container.e-container--column .elementor-spacer-inner,.elementor-column .elementor-spacer-inner{height:var(--spacer-size)}<\/style>\t\t<div class=\"elementor-spacer\">\n\t\t\t<div class=\"elementor-spacer-inner\"><\/div>\n\t\t<\/div>\n\t\t\t\t<\/div>\n\t\t\t\t<\/div>\n\t\t\t\t<div class=\"elementor-element elementor-element-cfc7c2e elementor-align-center elementor-widget elementor-widget-ube-heading\" data-id=\"cfc7c2e\" data-element_type=\"widget\" data-widget_type=\"ube-heading.default\">\n\t\t\t\t<div class=\"elementor-widget-container\">\n\t\t\t<div class=\"ube-heading\">\n\t<h2 class=\"ube-heading-title\">Dienstleistungen, die wir anbieten<\/h2><\/div>\t\t<\/div>\n\t\t\t\t<\/div>\n\t\t\t\t<div class=\"elementor-element elementor-element-9cee21c elementor-grid-6 elementor-grid-tablet-2 elementor-grid-mobile-1 ube-position-top elementor-widget elementor-widget-ube-advanced-image-box\" data-id=\"9cee21c\" data-element_type=\"widget\" data-widget_type=\"ube-advanced-image-box.default\">\n\t\t\t\t<div class=\"elementor-widget-container\">\n\t\t\t\t\t<div class=\"elementor-grid ube-advanced-image-box\">\n\t\t\t\t\t\t\t\t\t\t\t<div class=\"elementor-grid-item elementor-repeater-item-ba5213d\">\n\t\t\t\t<div class=\"ube-icon-box-wrapper\">\n\t<div class=\"ube-image-box ube-icon-box\">\n\t\t\t\t\t<div class=\"ube-ib-icon ube-image\">\n\t\t\t\t<span class=\"card-img\"><img loading=\"lazy\" decoding=\"async\" width=\"180\" height=\"180\" src=\"https:\/\/immobs.lu\/wp-content\/uploads\/2026\/04\/image-box-01.png\" class=\"attachment-full size-full\" alt=\"\" srcset=\"https:\/\/immobs.lu\/wp-content\/uploads\/2026\/04\/image-box-01.png 180w, https:\/\/immobs.lu\/wp-content\/uploads\/2026\/04\/image-box-01-150x150.png 150w, https:\/\/immobs.lu\/wp-content\/uploads\/2026\/04\/image-box-01-12x12.png 12w\" sizes=\"auto, (max-width: 180px) 100vw, 180px\" \/> <\/span>\t\t\t<\/div>\n\t\t\t\t\t\t\t<div class=\"ube-ib-content\">\n\t\t\t\t<h3 class=\"ube-ib-title mb-0\"><span >Verkauf<\/span><\/h3>\t\t\t\t\t\t\t<\/div>\n\t\t\t<\/div>\n\t<\/div>\n\n\t\t\t<\/div>\n\t\t\t\t\t\t\t\t<div class=\"elementor-grid-item elementor-repeater-item-48a1220\">\n\t\t\t\t<div class=\"ube-icon-box-wrapper\">\n\t<div class=\"ube-image-box ube-icon-box\">\n\t\t\t\t\t<div class=\"ube-ib-icon ube-image\">\n\t\t\t\t<span class=\"card-img\"><img loading=\"lazy\" decoding=\"async\" width=\"180\" height=\"180\" src=\"https:\/\/immobs.lu\/wp-content\/uploads\/2026\/04\/image-box-02.png\" class=\"attachment-full size-full\" alt=\"\" srcset=\"https:\/\/immobs.lu\/wp-content\/uploads\/2026\/04\/image-box-02.png 180w, https:\/\/immobs.lu\/wp-content\/uploads\/2026\/04\/image-box-02-150x150.png 150w, https:\/\/immobs.lu\/wp-content\/uploads\/2026\/04\/image-box-02-12x12.png 12w\" sizes=\"auto, (max-width: 180px) 100vw, 180px\" \/> <\/span>\t\t\t<\/div>\n\t\t\t\t\t\t\t<div class=\"ube-ib-content\">\n\t\t\t\t<h3 class=\"ube-ib-title mb-0\"><span >Standort<\/span><\/h3>\t\t\t\t\t\t\t<\/div>\n\t\t\t<\/div>\n\t<\/div>\n\n\t\t\t<\/div>\n\t\t\t\t\t\t\t\t<div class=\"elementor-grid-item elementor-repeater-item-c6f49e2\">\n\t\t\t\t<div class=\"ube-icon-box-wrapper\">\n\t<div class=\"ube-image-box ube-icon-box\">\n\t\t\t\t\t<div class=\"ube-ib-icon ube-image\">\n\t\t\t\t<span class=\"card-img\"><img loading=\"lazy\" decoding=\"async\" width=\"180\" height=\"180\" src=\"https:\/\/immobs.lu\/wp-content\/uploads\/2026\/04\/image-box-03.png\" class=\"attachment-full size-full\" alt=\"\" srcset=\"https:\/\/immobs.lu\/wp-content\/uploads\/2026\/04\/image-box-03.png 180w, https:\/\/immobs.lu\/wp-content\/uploads\/2026\/04\/image-box-03-150x150.png 150w, https:\/\/immobs.lu\/wp-content\/uploads\/2026\/04\/image-box-03-12x12.png 12w\" sizes=\"auto, (max-width: 180px) 100vw, 180px\" \/> <\/span>\t\t\t<\/div>\n\t\t\t\t\t\t\t<div class=\"ube-ib-content\">\n\t\t\t\t<h3 class=\"ube-ib-title mb-0\"><span >Kaufen<\/span><\/h3>\t\t\t\t\t\t\t<\/div>\n\t\t\t<\/div>\n\t<\/div>\n\n\t\t\t<\/div>\n\t\t\t\t\t\t\t\t<div class=\"elementor-grid-item elementor-repeater-item-c98e148\">\n\t\t\t\t<div class=\"ube-icon-box-wrapper\">\n\t<div class=\"ube-image-box ube-icon-box\">\n\t\t\t\t\t<div class=\"ube-ib-icon ube-image\">\n\t\t\t\t<span class=\"card-img\"><img loading=\"lazy\" decoding=\"async\" width=\"180\" height=\"180\" src=\"https:\/\/immobs.lu\/wp-content\/uploads\/2026\/04\/imagebox09.png\" class=\"attachment-full size-full\" alt=\"\" srcset=\"https:\/\/immobs.lu\/wp-content\/uploads\/2026\/04\/imagebox09.png 180w, https:\/\/immobs.lu\/wp-content\/uploads\/2026\/04\/imagebox09-150x150.png 150w, https:\/\/immobs.lu\/wp-content\/uploads\/2026\/04\/imagebox09-12x12.png 12w\" sizes=\"auto, (max-width: 180px) 100vw, 180px\" \/> <\/span>\t\t\t<\/div>\n\t\t\t\t\t\t\t<div class=\"ube-ib-content\">\n\t\t\t\t<h3 class=\"ube-ib-title mb-0\"><span >Projektentwicklung<\/span><\/h3>\t\t\t\t\t\t\t<\/div>\n\t\t\t<\/div>\n\t<\/div>\n\n\t\t\t<\/div>\n\t\t\t\t\t\t\t\t<div class=\"elementor-grid-item elementor-repeater-item-fcbd61f\">\n\t\t\t\t<div class=\"ube-icon-box-wrapper\">\n\t<div class=\"ube-image-box ube-icon-box\">\n\t\t\t\t\t<div class=\"ube-ib-icon ube-image\">\n\t\t\t\t<span class=\"card-img\"><img loading=\"lazy\" decoding=\"async\" width=\"180\" height=\"180\" src=\"https:\/\/immobs.lu\/wp-content\/uploads\/2026\/04\/imagebox10.png\" class=\"attachment-full size-full\" alt=\"\" srcset=\"https:\/\/immobs.lu\/wp-content\/uploads\/2026\/04\/imagebox10.png 180w, https:\/\/immobs.lu\/wp-content\/uploads\/2026\/04\/imagebox10-150x150.png 150w, https:\/\/immobs.lu\/wp-content\/uploads\/2026\/04\/imagebox10-12x12.png 12w\" sizes=\"auto, (max-width: 180px) 100vw, 180px\" \/> <\/span>\t\t\t<\/div>\n\t\t\t\t\t\t\t<div class=\"ube-ib-content\">\n\t\t\t\t<h3 class=\"ube-ib-title mb-0\"><span >Einsch\u00e4tzung<\/span><\/h3>\t\t\t\t\t\t\t<\/div>\n\t\t\t<\/div>\n\t<\/div>\n\n\t\t\t<\/div>\n\t\t\t\t\t\t\t\t<div class=\"elementor-grid-item elementor-repeater-item-8eb5b80\">\n\t\t\t\t<div class=\"ube-icon-box-wrapper\">\n\t<div class=\"ube-image-box ube-icon-box\">\n\t\t\t\t\t<div class=\"ube-ib-icon ube-image\">\n\t\t\t\t<span class=\"card-img\"><img loading=\"lazy\" decoding=\"async\" width=\"512\" height=\"512\" src=\"https:\/\/immobs.lu\/wp-content\/uploads\/2026\/04\/advice-1.png\" class=\"attachment-full size-full\" alt=\"\" srcset=\"https:\/\/immobs.lu\/wp-content\/uploads\/2026\/04\/advice-1.png 512w, https:\/\/immobs.lu\/wp-content\/uploads\/2026\/04\/advice-1-300x300.png 300w, https:\/\/immobs.lu\/wp-content\/uploads\/2026\/04\/advice-1-150x150.png 150w, https:\/\/immobs.lu\/wp-content\/uploads\/2026\/04\/advice-1-12x12.png 12w\" sizes=\"auto, (max-width: 512px) 100vw, 512px\" \/> <\/span>\t\t\t<\/div>\n\t\t\t\t\t\t\t<div class=\"ube-ib-content\">\n\t\t\t\t<h3 class=\"ube-ib-title mb-0\"><span >Conseils personnalis\u00e9s<\/span><\/h3>\t\t\t\t\t\t\t<\/div>\n\t\t\t<\/div>\n\t<\/div>\n\n\t\t\t<\/div>\n\t\t\t\t\t\t<\/div>\n\t\t\t\t<\/div>\n\t\t\t\t<\/div>\n\t\t\t\t\t<\/div>\n\t\t<\/div>\n\t\t\t\t\t\t\t<\/div>\n\t\t<\/section>\n\t\t\t\t<section class=\"elementor-section elementor-inner-section elementor-element elementor-element-0da43c0 elementor-section-boxed elementor-section-height-default elementor-section-height-default\" data-id=\"0da43c0\" data-element_type=\"section\">\n\t\t\t\t\t\t<div class=\"elementor-container elementor-column-gap-default\">\n\t\t\t\t\t<div class=\"elementor-column elementor-col-100 elementor-inner-column elementor-element elementor-element-d4bf15e\" data-id=\"d4bf15e\" data-element_type=\"column\">\n\t\t\t<div class=\"elementor-widget-wrap elementor-element-populated\">\n\t\t\t\t\t\t\t\t<div class=\"elementor-element elementor-element-cb1e0ce elementor-align-center elementor-widget elementor-widget-ube-heading\" data-id=\"cb1e0ce\" data-element_type=\"widget\" data-widget_type=\"ube-heading.default\">\n\t\t\t\t<div class=\"elementor-widget-container\">\n\t\t\t<div class=\"ube-heading\">\n\t<h2 class=\"ube-heading-title\">Kontaktieren Sie uns, um von unseren verschiedenen Dienstleistungen zu profitieren<\/h2><\/div>\t\t<\/div>\n\t\t\t\t<\/div>\n\t\t\t\t<div class=\"elementor-element elementor-element-166c89b ube-contact-form-7-button-custom elementor-widget elementor-widget-ube-contact-form-7\" data-id=\"166c89b\" data-element_type=\"widget\" data-widget_type=\"ube-contact-form-7.default\">\n\t\t\t\t<div class=\"elementor-widget-container\">\n\t\t\t    <div class=\"ube-contact-form-7-wrapper\">\n        <div class=\"ube-contact-form ube-contact-form-7 ube-contact-form-166c89b ube-contact-form-7-button-custom\">\n\t\t\t<div role=\"form\" class=\"wpcf7\" id=\"wpcf7-f120-o1\" lang=\"en-US\" dir=\"ltr\">\n<div class=\"screen-reader-response\"><p role=\"status\" aria-live=\"polite\" aria-atomic=\"true\"><\/p> <ul><\/ul><\/div>\n<form action=\"\/de\/wp-json\/wp\/v2\/pages\/3516#wpcf7-f120-o1\" method=\"post\" class=\"wpcf7-form init\" novalidate=\"novalidate\" data-status=\"init\" data-trp-original-action=\"\/de\/wp-json\/wp\/v2\/pages\/3516#wpcf7-f120-o1\">\n<div style=\"display: none;\">\n<input type=\"hidden\" name=\"_wpcf7\" value=\"120\" \/>\n<input type=\"hidden\" name=\"_wpcf7_version\" value=\"5.5.6\" \/>\n<input type=\"hidden\" name=\"_wpcf7_locale\" value=\"en_US\" \/>\n<input type=\"hidden\" name=\"_wpcf7_unit_tag\" value=\"wpcf7-f120-o1\" \/>\n<input type=\"hidden\" name=\"_wpcf7_container_post\" value=\"0\" \/>\n<input type=\"hidden\" name=\"_wpcf7_posted_data_hash\" value=\"\" \/>\n<input type=\"hidden\" name=\"_wpcf7_recaptcha_response\" value=\"\" \/>\n<\/div>\n<div class=\"homeid-contact-form style-03 row\">\n<div class=\"item-contact first-name col-md-6 col-12\">\n<span class=\"wpcf7-form-control-wrap firt-name\"><input type=\"text\" name=\"firt-name\" value=\"\" size=\"40\" class=\"wpcf7-form-control wpcf7-text wpcf7-validates-as-required\" aria-required=\"true\" aria-invalid=\"false\" placeholder=\"Vorname\" \/><\/span>\n<\/div>\n<div class=\"item-contact last-name col-md-6 col-12\">\n<span class=\"wpcf7-form-control-wrap last-name\"><input type=\"text\" name=\"last-name\" value=\"\" size=\"40\" class=\"wpcf7-form-control wpcf7-text wpcf7-validates-as-required\" aria-required=\"true\" aria-invalid=\"false\" placeholder=\"Name\" \/><\/span>\n<\/div>\n<div class=\"item-contact email col-md-6 col-12\">\n<span class=\"wpcf7-form-control-wrap email\"><input type=\"email\" name=\"email\" value=\"\" size=\"40\" class=\"wpcf7-form-control wpcf7-text wpcf7-email wpcf7-validates-as-required wpcf7-validates-as-email\" aria-required=\"true\" aria-invalid=\"false\" placeholder=\"E-mail\" \/><\/span>\n<\/div>\n<div class=\"item-contact phone col-md-6 col-12\">\n<span class=\"wpcf7-form-control-wrap tel\"><input type=\"text\" name=\"tel\" value=\"\" size=\"40\" class=\"wpcf7-form-control wpcf7-text wpcf7-validates-as-required\" aria-required=\"true\" aria-invalid=\"false\" placeholder=\"Telefon\" \/><\/span>\n<\/div>\n<div class=\"item-contact col-12\">\n<span class=\"wpcf7-form-control-wrap messenger\"><textarea name=\"messenger\" cols=\"40\" rows=\"10\" class=\"wpcf7-form-control wpcf7-textarea wpcf7-validates-as-required\" aria-required=\"true\" aria-invalid=\"false\" placeholder=\"Ihre Nachricht\"><\/textarea><\/span>\n<\/div>\n<div class=\"item-contact submit col-12 text-center\">\n<input type=\"submit\" value=\"Senden\" class=\"wpcf7-form-control has-spinner wpcf7-submit\" \/>\n<\/div>\n<\/div>\n<div class=\"wpcf7-response-output\" aria-hidden=\"true\"><\/div><input type=\"hidden\" name=\"trp-form-language\" value=\"de\"\/><\/form><\/div>        <\/div>\n    <\/div>\n\t\t<\/div>\n\t\t\t\t<\/div>\n\t\t\t\t\t<\/div>\n\t\t<\/div>\n\t\t\t\t\t\t\t<\/div>\n\t\t<\/section>\n\t\t\t\t\t<\/div>\n\t\t<\/div>\n\t\t\t\t\t\t\t<\/div>\n\t\t<\/section>\n\t\t\t\t\t\t\t<\/div>","protected":false},"excerpt":{"rendered":"<p>Services que nous offrons Vente Location Achat D\u00e9veloppement des projets Estimation Conseils personnalis\u00e9s Contactez-nous pour profiter de nos diff\u00e9rents services<\/p>","protected":false},"author":1,"featured_media":0,"parent":0,"menu_order":0,"comment_status":"closed","ping_status":"closed","template":"elementor_header_footer","meta":{"footnotes":""},"class_list":["post-3516","page","type-page","status-publish","hentry"],"_links":{"self":[{"href":"https:\/\/immobs.lu\/de\/wp-json\/wp\/v2\/pages\/3516","targetHints":{"allow":["GET"]}}],"collection":[{"href":"https:\/\/immobs.lu\/de\/wp-json\/wp\/v2\/pages"}],"about":[{"href":"https:\/\/immobs.lu\/de\/wp-json\/wp\/v2\/types\/page"}],"author":[{"embeddable":true,"href":"https:\/\/immobs.lu\/de\/wp-json\/wp\/v2\/users\/1"}],"replies":[{"embeddable":true,"href":"https:\/\/immobs.lu\/de\/wp-json\/wp\/v2\/comments?post=3516"}],"version-history":[{"count":24,"href":"https:\/\/immobs.lu\/de\/wp-json\/wp\/v2\/pages\/3516\/revisions"}],"predecessor-version":[{"id":9607,"href":"https:\/\/immobs.lu\/de\/wp-json\/wp\/v2\/pages\/3516\/revisions\/9607"}],"wp:attachment":[{"href":"https:\/\/immobs.lu\/de\/wp-json\/wp\/v2\/media?parent=3516"}],"curies":[{"name":"wp","href":"https:\/\/api.w.org\/{rel}","templated":true}]}}