{"id":3615,"date":"2020-11-07T09:22:51","date_gmt":"2020-11-07T09:22:51","guid":{"rendered":"http:\/\/immobs.lu\/?page_id=3615"},"modified":"2026-04-28T13:58:47","modified_gmt":"2026-04-28T13:58:47","slug":"a-propos-de-nous","status":"publish","type":"page","link":"https:\/\/immobs.lu\/en\/a-propos-de-nous\/","title":{"rendered":"About us"},"content":{"rendered":"<div data-elementor-type=\"wp-page\" data-elementor-id=\"3615\" class=\"elementor elementor-3615\">\n\t\t\t\t\t\t\t\t\t<section class=\"elementor-section elementor-top-section elementor-element elementor-element-6111dc81f33ce elementor-section-stretched elementor-section-boxed elementor-section-height-default elementor-section-height-default\" data-id=\"6111dc81f33ce\" data-element_type=\"section\" data-settings=\"{&quot;stretch_section&quot;:&quot;section-stretched&quot;,&quot;background_background&quot;:&quot;classic&quot;}\">\n\t\t\t\t\t\t\t<div class=\"elementor-background-overlay\"><\/div>\n\t\t\t\t\t\t\t<div class=\"elementor-container elementor-column-gap-default\">\n\t\t\t\t\t<div class=\"elementor-column elementor-col-100 elementor-top-column elementor-element elementor-element-476c3ad2\" data-id=\"476c3ad2\" data-element_type=\"column\">\n\t\t\t<div class=\"elementor-widget-wrap elementor-element-populated\">\n\t\t\t\t\t\t\t\t<div class=\"elementor-element elementor-element-4132f84 elementor-align-center elementor-widget elementor-widget-ube-heading\" data-id=\"4132f84\" data-element_type=\"widget\" data-widget_type=\"ube-heading.default\">\n\t\t\t\t<div class=\"elementor-widget-container\">\n\t\t\t<div class=\"ube-heading\">\n\t<h2 class=\"ube-heading-title\">About us<\/h2><\/div>\t\t<\/div>\n\t\t\t\t<\/div>\n\t\t\t\t\t<\/div>\n\t\t<\/div>\n\t\t\t\t\t\t\t<\/div>\n\t\t<\/section>\n\t\t\t\t<section class=\"elementor-section elementor-top-section elementor-element elementor-element-6111dc8c42334 custom-bg-page-contact-01 elementor-section-boxed elementor-section-height-default elementor-section-height-default\" data-id=\"6111dc8c42334\" data-element_type=\"section\">\n\t\t\t\t\t\t<div class=\"elementor-container elementor-column-gap-no\">\n\t\t\t\t\t<div class=\"elementor-column elementor-col-100 elementor-top-column elementor-element elementor-element-750ef9b9\" data-id=\"750ef9b9\" data-element_type=\"column\">\n\t\t\t<div class=\"elementor-widget-wrap elementor-element-populated\">\n\t\t\t\t\t\t\t\t<section class=\"elementor-section elementor-inner-section elementor-element elementor-element-84b0010 elementor-section-boxed elementor-section-height-default elementor-section-height-default\" data-id=\"84b0010\" data-element_type=\"section\" data-settings=\"{&quot;background_background&quot;:&quot;classic&quot;}\">\n\t\t\t\t\t\t<div class=\"elementor-container elementor-column-gap-default\">\n\t\t\t\t\t<div class=\"elementor-column elementor-col-100 elementor-inner-column elementor-element elementor-element-557bb5a\" data-id=\"557bb5a\" data-element_type=\"column\">\n\t\t\t<div class=\"elementor-widget-wrap elementor-element-populated\">\n\t\t\t\t\t\t\t\t<div class=\"elementor-element elementor-element-13f49b2 elementor-align-center elementor-widget elementor-widget-ube-heading\" data-id=\"13f49b2\" data-element_type=\"widget\" data-widget_type=\"ube-heading.default\">\n\t\t\t\t<div class=\"elementor-widget-container\">\n\t\t\t<div class=\"ube-heading\">\n\t<h6 class=\"ube-heading-sub-title\" >Welcome to BS immo S\u00e0rl<\/h6><h2 class=\"ube-heading-title\">BS IMMO is a dynamic real estate agency specializing in real estate in the Grand Duchy.\n<\/h2><\/div>\t\t<\/div>\n\t\t\t\t<\/div>\n\t\t\t\t<div class=\"elementor-element elementor-element-01175a9 elementor-widget elementor-widget-text-editor\" data-id=\"01175a9\" data-element_type=\"widget\" data-widget_type=\"text-editor.default\">\n\t\t\t\t<div class=\"elementor-widget-container\">\n\t\t\t<style>\/*! elementor - v3.6.4 - 13-04-2022 *\/\n.elementor-widget-text-editor.elementor-drop-cap-view-stacked .elementor-drop-cap{background-color:#818a91;color:#fff}.elementor-widget-text-editor.elementor-drop-cap-view-framed .elementor-drop-cap{color:#818a91;border:3px solid;background-color:transparent}.elementor-widget-text-editor:not(.elementor-drop-cap-view-default) .elementor-drop-cap{margin-top:8px}.elementor-widget-text-editor:not(.elementor-drop-cap-view-default) .elementor-drop-cap-letter{width:1em;height:1em}.elementor-widget-text-editor .elementor-drop-cap{float:left;text-align:center;line-height:1;font-size:50px}.elementor-widget-text-editor .elementor-drop-cap-letter{display:inline-block}<\/style>\t\t\t\t<p class=\"p1\"><b>BS IMMO\u00a0<\/b>will be your privileged interlocutor for the purchase or sale of your property. All of our services include purchases, sales, rentals, promotions and real estate appraisals.<br \/>Discover now our online real estate offers and the range of our specialized services.\u00a0<\/p>\t\t\t\t\t\t<\/div>\n\t\t\t\t<\/div>\n\t\t\t\t\t<\/div>\n\t\t<\/div>\n\t\t\t\t\t\t\t<\/div>\n\t\t<\/section>\n\t\t\t\t<section class=\"elementor-section elementor-inner-section elementor-element elementor-element-5f8ee26 elementor-section-boxed elementor-section-height-default elementor-section-height-default\" data-id=\"5f8ee26\" data-element_type=\"section\">\n\t\t\t\t\t\t<div class=\"elementor-container elementor-column-gap-default\">\n\t\t\t\t\t<div class=\"elementor-column elementor-col-100 elementor-inner-column elementor-element elementor-element-4848277\" data-id=\"4848277\" data-element_type=\"column\">\n\t\t\t<div class=\"elementor-widget-wrap elementor-element-populated\">\n\t\t\t\t\t\t\t\t<div class=\"elementor-element elementor-element-de2b485 elementor-align-center elementor-widget elementor-widget-ube-heading\" data-id=\"de2b485\" data-element_type=\"widget\" data-widget_type=\"ube-heading.default\">\n\t\t\t\t<div class=\"elementor-widget-container\">\n\t\t\t<div class=\"ube-heading\">\n\t<h2 class=\"ube-heading-title\">Our services<\/h2><\/div>\t\t<\/div>\n\t\t\t\t<\/div>\n\t\t\t\t<div class=\"elementor-element elementor-element-6a1d9bf elementor-grid-6 elementor-grid-mobile-1 ube-position-top elementor-widget elementor-widget-ube-advanced-image-box\" data-id=\"6a1d9bf\" data-element_type=\"widget\" data-widget_type=\"ube-advanced-image-box.default\">\n\t\t\t\t<div class=\"elementor-widget-container\">\n\t\t\t\t\t<div class=\"elementor-grid ube-advanced-image-box\">\n\t\t\t\t\t\t\t\t\t\t\t<div class=\"elementor-grid-item elementor-repeater-item-cabc41e\">\n\t\t\t\t<div class=\"ube-icon-box-wrapper\">\n\t<div class=\"ube-image-box ube-icon-box\">\n\t\t\t\t\t<div class=\"ube-ib-icon ube-image\">\n\t\t\t\t<span class=\"card-img\"><img loading=\"lazy\" decoding=\"async\" width=\"180\" height=\"180\" src=\"https:\/\/immobs.lu\/wp-content\/uploads\/2026\/04\/image-box-01.png\" class=\"attachment-full size-full\" alt=\"\" srcset=\"https:\/\/immobs.lu\/wp-content\/uploads\/2026\/04\/image-box-01.png 180w, https:\/\/immobs.lu\/wp-content\/uploads\/2026\/04\/image-box-01-150x150.png 150w, https:\/\/immobs.lu\/wp-content\/uploads\/2026\/04\/image-box-01-12x12.png 12w\" sizes=\"auto, (max-width: 180px) 100vw, 180px\" \/> <\/span>\t\t\t<\/div>\n\t\t\t\t\t\t\t<div class=\"ube-ib-content\">\n\t\t\t\t<h3 class=\"ube-ib-title mb-0\"><span >Sale<\/span><\/h3>\t\t\t\t\t\t\t<\/div>\n\t\t\t<\/div>\n\t<\/div>\n\n\t\t\t<\/div>\n\t\t\t\t\t\t\t\t<div class=\"elementor-grid-item elementor-repeater-item-f38f4fc\">\n\t\t\t\t<div class=\"ube-icon-box-wrapper\">\n\t<div class=\"ube-image-box ube-icon-box\">\n\t\t\t\t\t<div class=\"ube-ib-icon ube-image\">\n\t\t\t\t<span class=\"card-img\"><img loading=\"lazy\" decoding=\"async\" width=\"180\" height=\"180\" src=\"https:\/\/immobs.lu\/wp-content\/uploads\/2026\/04\/image-box-02.png\" class=\"attachment-full size-full\" alt=\"\" srcset=\"https:\/\/immobs.lu\/wp-content\/uploads\/2026\/04\/image-box-02.png 180w, https:\/\/immobs.lu\/wp-content\/uploads\/2026\/04\/image-box-02-150x150.png 150w, https:\/\/immobs.lu\/wp-content\/uploads\/2026\/04\/image-box-02-12x12.png 12w\" sizes=\"auto, (max-width: 180px) 100vw, 180px\" \/> <\/span>\t\t\t<\/div>\n\t\t\t\t\t\t\t<div class=\"ube-ib-content\">\n\t\t\t\t<h3 class=\"ube-ib-title mb-0\"><span >Location<\/span><\/h3>\t\t\t\t\t\t\t<\/div>\n\t\t\t<\/div>\n\t<\/div>\n\n\t\t\t<\/div>\n\t\t\t\t\t\t\t\t<div class=\"elementor-grid-item elementor-repeater-item-3065203\">\n\t\t\t\t<div class=\"ube-icon-box-wrapper\">\n\t<div class=\"ube-image-box ube-icon-box\">\n\t\t\t\t\t<div class=\"ube-ib-icon ube-image\">\n\t\t\t\t<span class=\"card-img\"><img loading=\"lazy\" decoding=\"async\" width=\"180\" height=\"180\" src=\"https:\/\/immobs.lu\/wp-content\/uploads\/2026\/04\/image-box-03.png\" class=\"attachment-full size-full\" alt=\"\" srcset=\"https:\/\/immobs.lu\/wp-content\/uploads\/2026\/04\/image-box-03.png 180w, https:\/\/immobs.lu\/wp-content\/uploads\/2026\/04\/image-box-03-150x150.png 150w, https:\/\/immobs.lu\/wp-content\/uploads\/2026\/04\/image-box-03-12x12.png 12w\" sizes=\"auto, (max-width: 180px) 100vw, 180px\" \/> <\/span>\t\t\t<\/div>\n\t\t\t\t\t\t\t<div class=\"ube-ib-content\">\n\t\t\t\t<h3 class=\"ube-ib-title mb-0\"><span >Purchase<\/span><\/h3>\t\t\t\t\t\t\t<\/div>\n\t\t\t<\/div>\n\t<\/div>\n\n\t\t\t<\/div>\n\t\t\t\t\t\t\t\t<div class=\"elementor-grid-item elementor-repeater-item-990080e\">\n\t\t\t\t<div class=\"ube-icon-box-wrapper\">\n\t<div class=\"ube-image-box ube-icon-box\">\n\t\t\t\t\t<div class=\"ube-ib-icon ube-image\">\n\t\t\t\t<span class=\"card-img\"><img loading=\"lazy\" decoding=\"async\" width=\"180\" height=\"180\" src=\"https:\/\/immobs.lu\/wp-content\/uploads\/2026\/04\/imagebox09.png\" class=\"attachment-full size-full\" alt=\"\" srcset=\"https:\/\/immobs.lu\/wp-content\/uploads\/2026\/04\/imagebox09.png 180w, https:\/\/immobs.lu\/wp-content\/uploads\/2026\/04\/imagebox09-150x150.png 150w, https:\/\/immobs.lu\/wp-content\/uploads\/2026\/04\/imagebox09-12x12.png 12w\" sizes=\"auto, (max-width: 180px) 100vw, 180px\" \/> <\/span>\t\t\t<\/div>\n\t\t\t\t\t\t\t<div class=\"ube-ib-content\">\n\t\t\t\t<h3 class=\"ube-ib-title mb-0\"><span >Project development<\/span><\/h3>\t\t\t\t\t\t\t<\/div>\n\t\t\t<\/div>\n\t<\/div>\n\n\t\t\t<\/div>\n\t\t\t\t\t\t\t\t<div class=\"elementor-grid-item elementor-repeater-item-0060bbb\">\n\t\t\t\t<div class=\"ube-icon-box-wrapper\">\n\t<div class=\"ube-image-box ube-icon-box\">\n\t\t\t\t\t<div class=\"ube-ib-icon ube-image\">\n\t\t\t\t<span class=\"card-img\"><img loading=\"lazy\" decoding=\"async\" width=\"180\" height=\"180\" src=\"https:\/\/immobs.lu\/wp-content\/uploads\/2026\/04\/imagebox10.png\" class=\"attachment-full size-full\" alt=\"\" srcset=\"https:\/\/immobs.lu\/wp-content\/uploads\/2026\/04\/imagebox10.png 180w, https:\/\/immobs.lu\/wp-content\/uploads\/2026\/04\/imagebox10-150x150.png 150w, https:\/\/immobs.lu\/wp-content\/uploads\/2026\/04\/imagebox10-12x12.png 12w\" sizes=\"auto, (max-width: 180px) 100vw, 180px\" \/> <\/span>\t\t\t<\/div>\n\t\t\t\t\t\t\t<div class=\"ube-ib-content\">\n\t\t\t\t<h3 class=\"ube-ib-title mb-0\"><span >Estimation<\/span><\/h3>\t\t\t\t\t\t\t<\/div>\n\t\t\t<\/div>\n\t<\/div>\n\n\t\t\t<\/div>\n\t\t\t\t\t\t\t\t<div class=\"elementor-grid-item elementor-repeater-item-d556a1a\">\n\t\t\t\t<div class=\"ube-icon-box-wrapper\">\n\t<div class=\"ube-image-box ube-icon-box\">\n\t\t\t\t\t<div class=\"ube-ib-icon ube-image\">\n\t\t\t\t<span class=\"card-img\"><img loading=\"lazy\" decoding=\"async\" width=\"512\" height=\"512\" src=\"https:\/\/immobs.lu\/wp-content\/uploads\/2026\/04\/advice-1.png\" class=\"attachment-full size-full\" alt=\"\" srcset=\"https:\/\/immobs.lu\/wp-content\/uploads\/2026\/04\/advice-1.png 512w, https:\/\/immobs.lu\/wp-content\/uploads\/2026\/04\/advice-1-300x300.png 300w, https:\/\/immobs.lu\/wp-content\/uploads\/2026\/04\/advice-1-150x150.png 150w, https:\/\/immobs.lu\/wp-content\/uploads\/2026\/04\/advice-1-12x12.png 12w\" sizes=\"auto, (max-width: 512px) 100vw, 512px\" \/> <\/span>\t\t\t<\/div>\n\t\t\t\t\t\t\t<div class=\"ube-ib-content\">\n\t\t\t\t<h3 class=\"ube-ib-title mb-0\"><span >Conseils personnalis\u00e9s<\/span><\/h3>\t\t\t\t\t\t\t<\/div>\n\t\t\t<\/div>\n\t<\/div>\n\n\t\t\t<\/div>\n\t\t\t\t\t\t<\/div>\n\t\t\t\t<\/div>\n\t\t\t\t<\/div>\n\t\t\t\t\t<\/div>\n\t\t<\/div>\n\t\t\t\t\t\t\t<\/div>\n\t\t<\/section>\n\t\t\t\t\t<\/div>\n\t\t<\/div>\n\t\t\t\t\t\t\t<\/div>\n\t\t<\/section>\n\t\t\t\t<section class=\"elementor-section elementor-top-section elementor-element elementor-element-6111dc9fb98ef elementor-section-boxed elementor-section-height-default elementor-section-height-default\" data-id=\"6111dc9fb98ef\" data-element_type=\"section\" data-settings=\"{&quot;background_background&quot;:&quot;classic&quot;}\">\n\t\t\t\t\t\t<div class=\"elementor-container elementor-column-gap-default\">\n\t\t\t\t\t<div class=\"elementor-column elementor-col-100 elementor-top-column elementor-element elementor-element-d93d263\" data-id=\"d93d263\" data-element_type=\"column\">\n\t\t\t<div class=\"elementor-widget-wrap elementor-element-populated\">\n\t\t\t\t\t\t\t\t<div class=\"elementor-element elementor-element-206d9bf elementor-align-center elementor-widget elementor-widget-ube-heading\" data-id=\"206d9bf\" data-element_type=\"widget\" data-widget_type=\"ube-heading.default\">\n\t\t\t\t<div class=\"elementor-widget-container\">\n\t\t\t<div class=\"ube-heading\">\n\t<h2 class=\"ube-heading-title\">Our team<\/h2><\/div>\t\t<\/div>\n\t\t\t\t<\/div>\n\t\t\t\t<div class=\"elementor-element elementor-element-d886d56 elementor-align-center elementor-grid-2 elementor-grid-mobile-1 elementor-view-default elementor-widget elementor-widget-ube-advanced-team-member\" data-id=\"d886d56\" data-element_type=\"widget\" data-widget_type=\"ube-advanced-team-member.default\">\n\t\t\t\t<div class=\"elementor-widget-container\">\n\t\t\t\t\t<div class=\"elementor-grid ube-team-member-wrap\">\n\t\t\t\t\t\t\t\t\t\t\t<div class=\"elementor-grid-item elementor-repeater-item-9e05ecd\">\n\t\t\t\t<div class=\"ube-team-member ube-tm-style-01 card ube-tm-classic\">\r\n\t\t\t<div class=\"ube-tm-image ube-image\">\r\n\t\t\t<span class=\"card-img\"><img loading=\"lazy\" decoding=\"async\" width=\"512\" height=\"512\" src=\"https:\/\/immobs.lu\/wp-content\/uploads\/2022\/04\/man-in-suit-and-tie.png\" class=\"attachment-full size-full\" alt=\"\" srcset=\"https:\/\/immobs.lu\/wp-content\/uploads\/2022\/04\/man-in-suit-and-tie.png 512w, https:\/\/immobs.lu\/wp-content\/uploads\/2022\/04\/man-in-suit-and-tie-300x300.png 300w, https:\/\/immobs.lu\/wp-content\/uploads\/2022\/04\/man-in-suit-and-tie-150x150.png 150w, https:\/\/immobs.lu\/wp-content\/uploads\/2022\/04\/man-in-suit-and-tie-12x12.png 12w\" sizes=\"auto, (max-width: 512px) 100vw, 512px\" \/><\/span>\t\t\t\t\t\t\t\t\t<div class=\"ube-tm-social\">\n\t\t\t\t\t\t\t\t\t\t\t<a class=\"elementor-icon\" href=\"tel: 352691596170\"><i class=\"fab fa-whatsapp\"><\/i><\/a>\n\t\t\t\t\t\t\t\t\t<\/div>\n\t\t\t\t\t\t\t<\/div>\r\n\t\t<div class=\"card-body\">\r\n\t\t\t\t\t<h4 class=\"ube-tm-name\">\r\n\t\t\t\t<span >Muratovic Adnan<\/span>\t\t\t<\/h4>\r\n\t\t\r\n\t\t\t\t\t<p class=\"ube-tm-pos\">\r\n\t\t\t\tDirector\t\t\t<\/p>\r\n\t\t\r\n\t\t\t<\/div>\r\n<\/div>\t\t\t<\/div>\n\t\t\t\t\t\t\t\t<div class=\"elementor-grid-item elementor-repeater-item-7c60f14\">\n\t\t\t\t<div class=\"ube-team-member ube-tm-style-01 card ube-tm-classic\">\r\n\t\t\t<div class=\"ube-tm-image ube-image\">\r\n\t\t\t<span class=\"card-img\"><img loading=\"lazy\" decoding=\"async\" width=\"512\" height=\"512\" src=\"https:\/\/immobs.lu\/wp-content\/uploads\/2022\/04\/man-in-suit-and-tie.png\" class=\"attachment-full size-full\" alt=\"\" srcset=\"https:\/\/immobs.lu\/wp-content\/uploads\/2022\/04\/man-in-suit-and-tie.png 512w, https:\/\/immobs.lu\/wp-content\/uploads\/2022\/04\/man-in-suit-and-tie-300x300.png 300w, https:\/\/immobs.lu\/wp-content\/uploads\/2022\/04\/man-in-suit-and-tie-150x150.png 150w, https:\/\/immobs.lu\/wp-content\/uploads\/2022\/04\/man-in-suit-and-tie-12x12.png 12w\" sizes=\"auto, (max-width: 512px) 100vw, 512px\" \/><\/span>\t\t\t\t\t\t\t\t\t<div class=\"ube-tm-social\">\n\t\t\t\t\t\t\t\t\t\t\t<a class=\"elementor-icon\" href=\"tel: 352621595930\"><i class=\"fab fa-whatsapp\"><\/i><\/a>\n\t\t\t\t\t<\/div>\n\t\t\t\t\t\t\t<\/div>\r\n\t\t<div class=\"card-body\">\r\n\t\t\t\t\t<h4 class=\"ube-tm-name\">\r\n\t\t\t\t<span >Muratovic Eldin <\/span>\t\t\t<\/h4>\r\n\t\t\r\n\t\t\t\t\t<p class=\"ube-tm-pos\">\r\n\t\t\t\tReal estate agent\t\t\t<\/p>\r\n\t\t\r\n\t\t\t<\/div>\r\n<\/div>\t\t\t<\/div>\n\t\t\t\t\t\t<\/div>\n\t\t\t\t<\/div>\n\t\t\t\t<\/div>\n\t\t\t\t\t<\/div>\n\t\t<\/div>\n\t\t\t\t\t\t\t<\/div>\n\t\t<\/section>\n\t\t\t\t<section class=\"elementor-section elementor-top-section elementor-element elementor-element-6111dcedc00f6 elementor-section-stretched elementor-section-boxed elementor-section-height-default elementor-section-height-default\" data-id=\"6111dcedc00f6\" data-element_type=\"section\" data-settings=\"{&quot;stretch_section&quot;:&quot;section-stretched&quot;}\">\n\t\t\t\t\t\t<div class=\"elementor-container elementor-column-gap-default\">\n\t\t\t\t\t<div class=\"elementor-column elementor-col-100 elementor-top-column elementor-element elementor-element-29e479df\" data-id=\"29e479df\" data-element_type=\"column\">\n\t\t\t<div class=\"elementor-widget-wrap elementor-element-populated\">\n\t\t\t\t\t\t\t\t<div class=\"elementor-element elementor-element-dc9bc81 elementor-align-center elementor-widget elementor-widget-ube-heading\" data-id=\"dc9bc81\" data-element_type=\"widget\" data-widget_type=\"ube-heading.default\">\n\t\t\t\t<div class=\"elementor-widget-container\">\n\t\t\t<div class=\"ube-heading\">\n\t<h2 class=\"ube-heading-title\">Keep exploring<\/h2><\/div>\t\t<\/div>\n\t\t\t\t<\/div>\n\t\t\t\t<div class=\"elementor-element elementor-element-bdc0db0 elementor-grid-mobile-2 ube-position-top elementor-grid-4 elementor-widget elementor-widget-ube-advanced-image-box\" data-id=\"bdc0db0\" data-element_type=\"widget\" data-widget_type=\"ube-advanced-image-box.default\">\n\t\t\t\t<div class=\"elementor-widget-container\">\n\t\t\t\t\t<div class=\"elementor-grid ube-advanced-image-box\">\n\t\t\t\t\t\t\t\t\t\t\t<div class=\"elementor-grid-item elementor-repeater-item-40a24a7\">\n\t\t\t\t<div class=\"ube-icon-box-wrapper\">\n\t<div class=\"ube-image-box ube-icon-box\">\n\t\t\t\t\t<div class=\"ube-ib-icon ube-image\">\n\t\t\t\t<span class=\"card-img\"><img loading=\"lazy\" decoding=\"async\" width=\"104\" height=\"104\" src=\"https:\/\/immobs.lu\/wp-content\/uploads\/2026\/04\/employees.png\" class=\"attachment-full size-full\" alt=\"\" srcset=\"https:\/\/immobs.lu\/wp-content\/uploads\/2026\/04\/employees.png 104w, https:\/\/immobs.lu\/wp-content\/uploads\/2026\/04\/employees-12x12.png 12w\" sizes=\"auto, (max-width: 104px) 100vw, 104px\" \/> <\/span>\t\t\t<\/div>\n\t\t\t\t\t\t\t<div class=\"ube-ib-content\">\n\t\t\t\t<h3 class=\"ube-ib-title mb-0\"><span >Meet our agents<\/span><\/h3>\t\t\t\t\t\t\t<\/div>\n\t\t\t<\/div>\n\t<\/div>\n\n\t\t\t<\/div>\n\t\t\t\t\t\t\t\t<div class=\"elementor-grid-item elementor-repeater-item-43abd46\">\n\t\t\t\t<div class=\"ube-icon-box-wrapper\">\n\t<div class=\"ube-image-box ube-icon-box\">\n\t\t\t\t\t<div class=\"ube-ib-icon ube-image\">\n\t\t\t\t<span class=\"card-img\"><img loading=\"lazy\" decoding=\"async\" width=\"104\" height=\"104\" src=\"https:\/\/immobs.lu\/wp-content\/uploads\/2026\/04\/image.png\" class=\"attachment-full size-full\" alt=\"\" srcset=\"https:\/\/immobs.lu\/wp-content\/uploads\/2026\/04\/image.png 104w, https:\/\/immobs.lu\/wp-content\/uploads\/2026\/04\/image-12x12.png 12w\" sizes=\"auto, (max-width: 104px) 100vw, 104px\" \/> <\/span>\t\t\t<\/div>\n\t\t\t\t\t\t\t<div class=\"ube-ib-content\">\n\t\t\t\t<h3 class=\"ube-ib-title mb-0\"><span >Sell your house<\/span><\/h3>\t\t\t\t\t\t\t<\/div>\n\t\t\t<\/div>\n\t<\/div>\n\n\t\t\t<\/div>\n\t\t\t\t\t\t\t\t<div class=\"elementor-grid-item elementor-repeater-item-b6f9c62\">\n\t\t\t\t<div class=\"ube-icon-box-wrapper\">\n\t<div class=\"ube-image-box ube-icon-box\">\n\t\t\t\t\t<div class=\"ube-ib-icon ube-image\">\n\t\t\t\t<span class=\"card-img\"><img loading=\"lazy\" decoding=\"async\" width=\"104\" height=\"104\" src=\"https:\/\/immobs.lu\/wp-content\/uploads\/2026\/04\/image4.png\" class=\"attachment-full size-full\" alt=\"\" srcset=\"https:\/\/immobs.lu\/wp-content\/uploads\/2026\/04\/image4.png 104w, https:\/\/immobs.lu\/wp-content\/uploads\/2026\/04\/image4-12x12.png 12w\" sizes=\"auto, (max-width: 104px) 100vw, 104px\" \/> <\/span>\t\t\t<\/div>\n\t\t\t\t\t\t\t<div class=\"ube-ib-content\">\n\t\t\t\t<h3 class=\"ube-ib-title mb-0\"><span >Latest news<\/span><\/h3>\t\t\t\t\t\t\t<\/div>\n\t\t\t<\/div>\n\t<\/div>\n\n\t\t\t<\/div>\n\t\t\t\t\t\t\t\t<div class=\"elementor-grid-item elementor-repeater-item-fe96d61\">\n\t\t\t\t<div class=\"ube-icon-box-wrapper\">\n\t<div class=\"ube-image-box ube-icon-box\">\n\t\t\t\t\t<div class=\"ube-ib-icon ube-image\">\n\t\t\t\t<span class=\"card-img\"><img loading=\"lazy\" decoding=\"async\" width=\"104\" height=\"104\" src=\"https:\/\/immobs.lu\/wp-content\/uploads\/2026\/04\/inbox.png\" class=\"attachment-full size-full\" alt=\"\" srcset=\"https:\/\/immobs.lu\/wp-content\/uploads\/2026\/04\/inbox.png 104w, https:\/\/immobs.lu\/wp-content\/uploads\/2026\/04\/inbox-12x12.png 12w\" sizes=\"auto, (max-width: 104px) 100vw, 104px\" \/> <\/span>\t\t\t<\/div>\n\t\t\t\t\t\t\t<div class=\"ube-ib-content\">\n\t\t\t\t<h3 class=\"ube-ib-title mb-0\"><span >Contact us<\/span><\/h3>\t\t\t\t\t\t\t<\/div>\n\t\t\t<\/div>\n\t<\/div>\n\n\t\t\t<\/div>\n\t\t\t\t\t\t<\/div>\n\t\t\t\t<\/div>\n\t\t\t\t<\/div>\n\t\t\t\t\t<\/div>\n\t\t<\/div>\n\t\t\t\t\t\t\t<\/div>\n\t\t<\/section>\n\t\t\t\t\t\t\t<\/div>","protected":false},"excerpt":{"rendered":"<p>\u00c0 propos de nous Bienvenue chez BS immo S\u00e0rl BS IMMO\u00a0c&rsquo;est une agence immobili\u00e9re dynamique sp\u00e9cialis\u00e9e dans l&rsquo;immobilier au Grand-Duch\u00e9. BS IMMO\u00a0sera votre interlocuteur privil\u00e9gi\u00e9 pour l&rsquo;achat ou la vente de votre bien immobilier.\u00a0L&rsquo;ensemble de nos services comprends les achats, ventes, locations, promotions et estimations de biens immobiliers.D\u00e9couvrez d\u2019ores et d\u00e9j\u00e0 nos offres immobili\u00e8res en [&hellip;]<\/p>","protected":false},"author":1,"featured_media":0,"parent":0,"menu_order":0,"comment_status":"closed","ping_status":"closed","template":"elementor_header_footer","meta":{"footnotes":""},"class_list":["post-3615","page","type-page","status-publish","hentry"],"_links":{"self":[{"href":"https:\/\/immobs.lu\/en\/wp-json\/wp\/v2\/pages\/3615","targetHints":{"allow":["GET"]}}],"collection":[{"href":"https:\/\/immobs.lu\/en\/wp-json\/wp\/v2\/pages"}],"about":[{"href":"https:\/\/immobs.lu\/en\/wp-json\/wp\/v2\/types\/page"}],"author":[{"embeddable":true,"href":"https:\/\/immobs.lu\/en\/wp-json\/wp\/v2\/users\/1"}],"replies":[{"embeddable":true,"href":"https:\/\/immobs.lu\/en\/wp-json\/wp\/v2\/comments?post=3615"}],"version-history":[{"count":88,"href":"https:\/\/immobs.lu\/en\/wp-json\/wp\/v2\/pages\/3615\/revisions"}],"predecessor-version":[{"id":9604,"href":"https:\/\/immobs.lu\/en\/wp-json\/wp\/v2\/pages\/3615\/revisions\/9604"}],"wp:attachment":[{"href":"https:\/\/immobs.lu\/en\/wp-json\/wp\/v2\/media?parent=3615"}],"curies":[{"name":"wp","href":"https:\/\/api.w.org\/{rel}","templated":true}]}}