{"id":8911,"date":"2022-04-23T22:29:53","date_gmt":"2022-04-23T22:29:53","guid":{"rendered":"https:\/\/immobs.lu\/?page_id=8911"},"modified":"2026-03-25T13:22:16","modified_gmt":"2026-03-25T13:22:16","slug":"construction","status":"publish","type":"page","link":"https:\/\/immobs.lu\/en\/construction\/","title":{"rendered":"Construction"},"content":{"rendered":"<div data-elementor-type=\"wp-page\" data-elementor-id=\"8911\" class=\"elementor elementor-8911\">\n\t\t\t\t\t\t\t\t\t<section class=\"elementor-section elementor-top-section elementor-element elementor-element-50b04e67 elementor-section-stretched elementor-section-boxed elementor-section-height-default elementor-section-height-default\" data-id=\"50b04e67\" data-element_type=\"section\" data-settings=\"{&quot;stretch_section&quot;:&quot;section-stretched&quot;,&quot;background_background&quot;:&quot;classic&quot;}\">\n\t\t\t\t\t\t\t<div class=\"elementor-background-overlay\"><\/div>\n\t\t\t\t\t\t\t<div class=\"elementor-container elementor-column-gap-default\">\n\t\t\t\t\t<div class=\"elementor-column elementor-col-100 elementor-top-column elementor-element elementor-element-7439487b\" data-id=\"7439487b\" data-element_type=\"column\">\n\t\t\t<div class=\"elementor-widget-wrap elementor-element-populated\">\n\t\t\t\t\t\t\t\t<div class=\"elementor-element elementor-element-15f2ac3b elementor-align-center elementor-widget elementor-widget-ube-heading\" data-id=\"15f2ac3b\" data-element_type=\"widget\" data-widget_type=\"ube-heading.default\">\n\t\t\t\t<div class=\"elementor-widget-container\">\n\t\t\t<div class=\"ube-heading\">\n\t<h2 class=\"ube-heading-title\">Construction<\/h2><\/div>\t\t<\/div>\n\t\t\t\t<\/div>\n\t\t\t\t\t<\/div>\n\t\t<\/div>\n\t\t\t\t\t\t\t<\/div>\n\t\t<\/section>\n\t\t\t\t<section class=\"elementor-section elementor-top-section elementor-element elementor-element-7ebb3453 custom-bg-page-contact-01 elementor-section-boxed elementor-section-height-default elementor-section-height-default\" data-id=\"7ebb3453\" data-element_type=\"section\">\n\t\t\t\t\t\t<div class=\"elementor-container elementor-column-gap-no\">\n\t\t\t\t\t<div class=\"elementor-column elementor-col-100 elementor-top-column elementor-element elementor-element-5b369334\" data-id=\"5b369334\" data-element_type=\"column\">\n\t\t\t<div class=\"elementor-widget-wrap elementor-element-populated\">\n\t\t\t\t\t\t\t\t<section class=\"elementor-section elementor-inner-section elementor-element elementor-element-455b8f63 elementor-section-boxed elementor-section-height-default elementor-section-height-default\" data-id=\"455b8f63\" data-element_type=\"section\" data-settings=\"{&quot;background_background&quot;:&quot;classic&quot;}\">\n\t\t\t\t\t\t<div class=\"elementor-container elementor-column-gap-default\">\n\t\t\t\t\t<div class=\"elementor-column elementor-col-100 elementor-inner-column elementor-element elementor-element-353861b7\" data-id=\"353861b7\" data-element_type=\"column\">\n\t\t\t<div class=\"elementor-widget-wrap elementor-element-populated\">\n\t\t\t\t\t\t\t\t<div class=\"elementor-element elementor-element-262c7d86 elementor-align-center elementor-widget elementor-widget-ube-heading\" data-id=\"262c7d86\" data-element_type=\"widget\" data-widget_type=\"ube-heading.default\">\n\t\t\t\t<div class=\"elementor-widget-container\">\n\t\t\t<div class=\"ube-heading\">\n\t<h6 class=\"ube-heading-sub-title\" >Bienvenue chez Gradilux S\u00e0rl<\/h6><h2 class=\"ube-heading-title\">Gradilux est une entreprise familiale, qui c'est concentr\u00e9e sur les travaux de construction, r\u00e9novation, am\u00e9nagement, fa\u00e7ades, etc. Nous vous offrons un service complet!\n<\/h2><\/div>\t\t<\/div>\n\t\t\t\t<\/div>\n\t\t\t\t<div class=\"elementor-element elementor-element-6a2b2957 elementor-widget elementor-widget-text-editor\" data-id=\"6a2b2957\" data-element_type=\"widget\" data-widget_type=\"text-editor.default\">\n\t\t\t\t<div class=\"elementor-widget-container\">\n\t\t\t<style>\/*! elementor - v3.6.4 - 13-04-2022 *\/\n.elementor-widget-text-editor.elementor-drop-cap-view-stacked .elementor-drop-cap{background-color:#818a91;color:#fff}.elementor-widget-text-editor.elementor-drop-cap-view-framed .elementor-drop-cap{color:#818a91;border:3px solid;background-color:transparent}.elementor-widget-text-editor:not(.elementor-drop-cap-view-default) .elementor-drop-cap{margin-top:8px}.elementor-widget-text-editor:not(.elementor-drop-cap-view-default) .elementor-drop-cap-letter{width:1em;height:1em}.elementor-widget-text-editor .elementor-drop-cap{float:left;text-align:center;line-height:1;font-size:50px}.elementor-widget-text-editor .elementor-drop-cap-letter{display:inline-block}<\/style>\t\t\t\t<p class=\"p1\" style=\"text-align: center;\">Convinced of our abilities, we have no limits in terms of execution. Our goal is to deliver, on time and on budget, a construction with impeccable finishes to our customers.<\/p><p style=\"text-align: center;\">On our site you will find house models that we have made.<\/p><p style=\"text-align: center;\">Contact us if you need a builder who will realize your dream project.<\/p><div class=\"bottom\"><div class=\"call\"><div class=\"icon\" style=\"text-align: center;\">\u00a0<\/div><\/div><\/div>\t\t\t\t\t\t<\/div>\n\t\t\t\t<\/div>\n\t\t\t\t\t<\/div>\n\t\t<\/div>\n\t\t\t\t\t\t\t<\/div>\n\t\t<\/section>\n\t\t\t\t<section class=\"elementor-section elementor-inner-section elementor-element elementor-element-7326a215 elementor-section-boxed elementor-section-height-default elementor-section-height-default\" data-id=\"7326a215\" data-element_type=\"section\">\n\t\t\t\t\t\t<div class=\"elementor-container elementor-column-gap-default\">\n\t\t\t\t\t<div class=\"elementor-column elementor-col-100 elementor-inner-column elementor-element elementor-element-c01a6e\" data-id=\"c01a6e\" data-element_type=\"column\">\n\t\t\t<div class=\"elementor-widget-wrap elementor-element-populated\">\n\t\t\t\t\t\t\t\t<div class=\"elementor-element elementor-element-32113a7d elementor-align-center elementor-widget elementor-widget-ube-heading\" data-id=\"32113a7d\" data-element_type=\"widget\" data-widget_type=\"ube-heading.default\">\n\t\t\t\t<div class=\"elementor-widget-container\">\n\t\t\t<div class=\"ube-heading\">\n\t<h2 class=\"ube-heading-title\">Our services<\/h2><\/div>\t\t<\/div>\n\t\t\t\t<\/div>\n\t\t\t\t\t<\/div>\n\t\t<\/div>\n\t\t\t\t\t\t\t<\/div>\n\t\t<\/section>\n\t\t\t\t<section class=\"elementor-section elementor-inner-section elementor-element elementor-element-2779726 elementor-section-boxed elementor-section-height-default elementor-section-height-default\" data-id=\"2779726\" data-element_type=\"section\">\n\t\t\t\t\t\t<div class=\"elementor-container elementor-column-gap-default\">\n\t\t\t\t\t<div class=\"elementor-column elementor-col-33 elementor-inner-column elementor-element elementor-element-57fb43c\" data-id=\"57fb43c\" data-element_type=\"column\">\n\t\t\t<div class=\"elementor-widget-wrap elementor-element-populated\">\n\t\t\t\t\t\t\t\t<div class=\"elementor-element elementor-element-7b7dbb5 elementor-widget elementor-widget-image\" data-id=\"7b7dbb5\" data-element_type=\"widget\" data-widget_type=\"image.default\">\n\t\t\t\t<div class=\"elementor-widget-container\">\n\t\t\t<style>\/*! elementor - v3.6.4 - 13-04-2022 *\/\n.elementor-widget-image{text-align:center}.elementor-widget-image a{display:inline-block}.elementor-widget-image a img[src$=\".svg\"]{width:48px}.elementor-widget-image img{vertical-align:middle;display:inline-block}<\/style>\t\t\t\t\t\t\t\t\t\t\t\t\t<a href=\"https:\/\/gradilux.lu\/construction-cle-en-main\/\" target=\"_blank\">\n\t\t\t\t\t\t\t<img loading=\"lazy\" decoding=\"async\" width=\"388\" height=\"501\" src=\"https:\/\/immobs.lu\/wp-content\/uploads\/2022\/04\/turnkey.jpg\" class=\"elementor-animation-bob attachment-large size-large\" alt=\"\" srcset=\"https:\/\/immobs.lu\/wp-content\/uploads\/2022\/04\/turnkey.jpg 388w, https:\/\/immobs.lu\/wp-content\/uploads\/2022\/04\/turnkey-232x300.jpg 232w, https:\/\/immobs.lu\/wp-content\/uploads\/2022\/04\/turnkey-9x12.jpg 9w\" sizes=\"auto, (max-width: 388px) 100vw, 388px\" \/>\t\t\t\t\t\t\t\t<\/a>\n\t\t\t\t\t\t\t\t\t\t\t\t\t\t\t<\/div>\n\t\t\t\t<\/div>\n\t\t\t\t\t<\/div>\n\t\t<\/div>\n\t\t\t\t<div class=\"elementor-column elementor-col-33 elementor-inner-column elementor-element elementor-element-6a852a6\" data-id=\"6a852a6\" data-element_type=\"column\">\n\t\t\t<div class=\"elementor-widget-wrap elementor-element-populated\">\n\t\t\t\t\t\t\t\t<div class=\"elementor-element elementor-element-624070d elementor-widget elementor-widget-image\" data-id=\"624070d\" data-element_type=\"widget\" data-widget_type=\"image.default\">\n\t\t\t\t<div class=\"elementor-widget-container\">\n\t\t\t\t\t\t\t\t\t\t\t\t\t\t\t\t<a href=\"https:\/\/gradilux.lu\/facades\/\" target=\"_blank\">\n\t\t\t\t\t\t\t<img loading=\"lazy\" decoding=\"async\" width=\"388\" height=\"501\" src=\"https:\/\/immobs.lu\/wp-content\/uploads\/2022\/04\/facades.jpg\" class=\"elementor-animation-bob attachment-large size-large\" alt=\"\" srcset=\"https:\/\/immobs.lu\/wp-content\/uploads\/2022\/04\/facades.jpg 388w, https:\/\/immobs.lu\/wp-content\/uploads\/2022\/04\/facades-232x300.jpg 232w, https:\/\/immobs.lu\/wp-content\/uploads\/2022\/04\/facades-9x12.jpg 9w\" sizes=\"auto, (max-width: 388px) 100vw, 388px\" \/>\t\t\t\t\t\t\t\t<\/a>\n\t\t\t\t\t\t\t\t\t\t\t\t\t\t\t<\/div>\n\t\t\t\t<\/div>\n\t\t\t\t\t<\/div>\n\t\t<\/div>\n\t\t\t\t<div class=\"elementor-column elementor-col-33 elementor-inner-column elementor-element elementor-element-795b7e4\" data-id=\"795b7e4\" data-element_type=\"column\">\n\t\t\t<div class=\"elementor-widget-wrap elementor-element-populated\">\n\t\t\t\t\t\t\t\t<div class=\"elementor-element elementor-element-8f1f280 elementor-widget elementor-widget-image\" data-id=\"8f1f280\" data-element_type=\"widget\" data-widget_type=\"image.default\">\n\t\t\t\t<div class=\"elementor-widget-container\">\n\t\t\t\t\t\t\t\t\t\t\t\t\t\t\t\t<a href=\"https:\/\/gradilux.lu\/gros-oeuvre\/\" target=\"_blank\">\n\t\t\t\t\t\t\t<img loading=\"lazy\" decoding=\"async\" width=\"388\" height=\"501\" src=\"https:\/\/immobs.lu\/wp-content\/uploads\/2022\/04\/big.jpg\" class=\"elementor-animation-bob attachment-large size-large\" alt=\"\" srcset=\"https:\/\/immobs.lu\/wp-content\/uploads\/2022\/04\/big.jpg 388w, https:\/\/immobs.lu\/wp-content\/uploads\/2022\/04\/big-232x300.jpg 232w, https:\/\/immobs.lu\/wp-content\/uploads\/2022\/04\/big-9x12.jpg 9w\" sizes=\"auto, (max-width: 388px) 100vw, 388px\" \/>\t\t\t\t\t\t\t\t<\/a>\n\t\t\t\t\t\t\t\t\t\t\t\t\t\t\t<\/div>\n\t\t\t\t<\/div>\n\t\t\t\t\t<\/div>\n\t\t<\/div>\n\t\t\t\t\t\t\t<\/div>\n\t\t<\/section>\n\t\t\t\t<section class=\"elementor-section elementor-inner-section elementor-element elementor-element-b5d9bf5 elementor-section-boxed elementor-section-height-default elementor-section-height-default\" data-id=\"b5d9bf5\" data-element_type=\"section\">\n\t\t\t\t\t\t<div class=\"elementor-container elementor-column-gap-default\">\n\t\t\t\t\t<div class=\"elementor-column elementor-col-33 elementor-inner-column elementor-element elementor-element-e9634d9\" data-id=\"e9634d9\" data-element_type=\"column\">\n\t\t\t<div class=\"elementor-widget-wrap elementor-element-populated\">\n\t\t\t\t\t\t\t\t<div class=\"elementor-element elementor-element-d516a71 elementor-widget elementor-widget-image\" data-id=\"d516a71\" data-element_type=\"widget\" data-widget_type=\"image.default\">\n\t\t\t\t<div class=\"elementor-widget-container\">\n\t\t\t\t\t\t\t\t\t\t\t\t\t\t\t\t<a href=\"https:\/\/gradilux.lu\/amenagements-exterieurs-et-interieurs\/\" target=\"_blank\">\n\t\t\t\t\t\t\t<img loading=\"lazy\" decoding=\"async\" width=\"388\" height=\"501\" src=\"https:\/\/immobs.lu\/wp-content\/uploads\/2022\/04\/exterior.jpg\" class=\"elementor-animation-bob attachment-large size-large\" alt=\"\" srcset=\"https:\/\/immobs.lu\/wp-content\/uploads\/2022\/04\/exterior.jpg 388w, https:\/\/immobs.lu\/wp-content\/uploads\/2022\/04\/exterior-232x300.jpg 232w, https:\/\/immobs.lu\/wp-content\/uploads\/2022\/04\/exterior-9x12.jpg 9w\" sizes=\"auto, (max-width: 388px) 100vw, 388px\" \/>\t\t\t\t\t\t\t\t<\/a>\n\t\t\t\t\t\t\t\t\t\t\t\t\t\t\t<\/div>\n\t\t\t\t<\/div>\n\t\t\t\t\t<\/div>\n\t\t<\/div>\n\t\t\t\t<div class=\"elementor-column elementor-col-33 elementor-inner-column elementor-element elementor-element-0171587\" data-id=\"0171587\" data-element_type=\"column\">\n\t\t\t<div class=\"elementor-widget-wrap elementor-element-populated\">\n\t\t\t\t\t\t\t\t<div class=\"elementor-element elementor-element-007d3fa elementor-widget elementor-widget-image\" data-id=\"007d3fa\" data-element_type=\"widget\" data-widget_type=\"image.default\">\n\t\t\t\t<div class=\"elementor-widget-container\">\n\t\t\t\t\t\t\t\t\t\t\t\t\t\t\t\t<a href=\"https:\/\/gradilux.lu\/maconnerie\/\" target=\"_blank\">\n\t\t\t\t\t\t\t<img loading=\"lazy\" decoding=\"async\" width=\"388\" height=\"501\" src=\"https:\/\/immobs.lu\/wp-content\/uploads\/2022\/04\/maso.jpg\" class=\"elementor-animation-bob attachment-large size-large\" alt=\"\" srcset=\"https:\/\/immobs.lu\/wp-content\/uploads\/2022\/04\/maso.jpg 388w, https:\/\/immobs.lu\/wp-content\/uploads\/2022\/04\/maso-232x300.jpg 232w, https:\/\/immobs.lu\/wp-content\/uploads\/2022\/04\/maso-9x12.jpg 9w\" sizes=\"auto, (max-width: 388px) 100vw, 388px\" \/>\t\t\t\t\t\t\t\t<\/a>\n\t\t\t\t\t\t\t\t\t\t\t\t\t\t\t<\/div>\n\t\t\t\t<\/div>\n\t\t\t\t\t<\/div>\n\t\t<\/div>\n\t\t\t\t<div class=\"elementor-column elementor-col-33 elementor-inner-column elementor-element elementor-element-d09b13a\" data-id=\"d09b13a\" data-element_type=\"column\">\n\t\t\t<div class=\"elementor-widget-wrap elementor-element-populated\">\n\t\t\t\t\t\t\t\t<div class=\"elementor-element elementor-element-4dd6eb3 elementor-widget elementor-widget-image\" data-id=\"4dd6eb3\" data-element_type=\"widget\" data-widget_type=\"image.default\">\n\t\t\t\t<div class=\"elementor-widget-container\">\n\t\t\t\t\t\t\t\t\t\t\t\t\t\t\t\t<a href=\"https:\/\/gradilux.lu\/demolition\/\" target=\"_blank\">\n\t\t\t\t\t\t\t<img loading=\"lazy\" decoding=\"async\" width=\"388\" height=\"501\" src=\"https:\/\/immobs.lu\/wp-content\/uploads\/2022\/04\/demolition-1.jpg\" class=\"elementor-animation-bob attachment-large size-large\" alt=\"\" srcset=\"https:\/\/immobs.lu\/wp-content\/uploads\/2022\/04\/demolition-1.jpg 388w, https:\/\/immobs.lu\/wp-content\/uploads\/2022\/04\/demolition-1-232x300.jpg 232w, https:\/\/immobs.lu\/wp-content\/uploads\/2022\/04\/demolition-1-9x12.jpg 9w\" sizes=\"auto, (max-width: 388px) 100vw, 388px\" \/>\t\t\t\t\t\t\t\t<\/a>\n\t\t\t\t\t\t\t\t\t\t\t\t\t\t\t<\/div>\n\t\t\t\t<\/div>\n\t\t\t\t\t<\/div>\n\t\t<\/div>\n\t\t\t\t\t\t\t<\/div>\n\t\t<\/section>\n\t\t\t\t<section class=\"elementor-section elementor-inner-section elementor-element elementor-element-0861244 elementor-section-boxed elementor-section-height-default elementor-section-height-default\" data-id=\"0861244\" data-element_type=\"section\">\n\t\t\t\t\t\t<div class=\"elementor-container elementor-column-gap-default\">\n\t\t\t\t\t<div class=\"elementor-column elementor-col-33 elementor-inner-column elementor-element elementor-element-d127837\" data-id=\"d127837\" data-element_type=\"column\">\n\t\t\t<div class=\"elementor-widget-wrap elementor-element-populated\">\n\t\t\t\t\t\t\t\t<div class=\"elementor-element elementor-element-a0441af elementor-widget elementor-widget-image\" data-id=\"a0441af\" data-element_type=\"widget\" data-widget_type=\"image.default\">\n\t\t\t\t<div class=\"elementor-widget-container\">\n\t\t\t\t\t\t\t\t\t\t\t\t\t\t\t\t<a href=\"https:\/\/gradilux.lu\/menuiserie-exterieure-et-interieure\/\" target=\"_blank\">\n\t\t\t\t\t\t\t<img loading=\"lazy\" decoding=\"async\" width=\"388\" height=\"501\" src=\"https:\/\/immobs.lu\/wp-content\/uploads\/2022\/04\/exterior2.jpg\" class=\"elementor-animation-bob attachment-large size-large\" alt=\"\" srcset=\"https:\/\/immobs.lu\/wp-content\/uploads\/2022\/04\/exterior2.jpg 388w, https:\/\/immobs.lu\/wp-content\/uploads\/2022\/04\/exterior2-232x300.jpg 232w, https:\/\/immobs.lu\/wp-content\/uploads\/2022\/04\/exterior2-9x12.jpg 9w\" sizes=\"auto, (max-width: 388px) 100vw, 388px\" \/>\t\t\t\t\t\t\t\t<\/a>\n\t\t\t\t\t\t\t\t\t\t\t\t\t\t\t<\/div>\n\t\t\t\t<\/div>\n\t\t\t\t\t<\/div>\n\t\t<\/div>\n\t\t\t\t<div class=\"elementor-column elementor-col-33 elementor-inner-column elementor-element elementor-element-ad575db\" data-id=\"ad575db\" data-element_type=\"column\">\n\t\t\t<div class=\"elementor-widget-wrap elementor-element-populated\">\n\t\t\t\t\t\t\t\t<div class=\"elementor-element elementor-element-cb1bfd8 elementor-widget elementor-widget-image\" data-id=\"cb1bfd8\" data-element_type=\"widget\" data-widget_type=\"image.default\">\n\t\t\t\t<div class=\"elementor-widget-container\">\n\t\t\t\t\t\t\t\t\t\t\t\t\t\t\t\t<a href=\"https:\/\/gradilux.lu\/isolation\/\" target=\"_blank\">\n\t\t\t\t\t\t\t<img loading=\"lazy\" decoding=\"async\" width=\"388\" height=\"501\" src=\"https:\/\/immobs.lu\/wp-content\/uploads\/2022\/04\/insulation.jpg\" class=\"elementor-animation-bob attachment-large size-large\" alt=\"\" srcset=\"https:\/\/immobs.lu\/wp-content\/uploads\/2022\/04\/insulation.jpg 388w, https:\/\/immobs.lu\/wp-content\/uploads\/2022\/04\/insulation-232x300.jpg 232w, https:\/\/immobs.lu\/wp-content\/uploads\/2022\/04\/insulation-9x12.jpg 9w\" sizes=\"auto, (max-width: 388px) 100vw, 388px\" \/>\t\t\t\t\t\t\t\t<\/a>\n\t\t\t\t\t\t\t\t\t\t\t\t\t\t\t<\/div>\n\t\t\t\t<\/div>\n\t\t\t\t\t<\/div>\n\t\t<\/div>\n\t\t\t\t<div class=\"elementor-column elementor-col-33 elementor-inner-column elementor-element elementor-element-56c7a46\" data-id=\"56c7a46\" data-element_type=\"column\">\n\t\t\t<div class=\"elementor-widget-wrap elementor-element-populated\">\n\t\t\t\t\t\t\t\t<div class=\"elementor-element elementor-element-1589ad1 elementor-widget elementor-widget-image\" data-id=\"1589ad1\" data-element_type=\"widget\" data-widget_type=\"image.default\">\n\t\t\t\t<div class=\"elementor-widget-container\">\n\t\t\t\t\t\t\t\t\t\t\t\t\t\t\t\t<a href=\"https:\/\/gradilux.lu\/peinture\/\" target=\"_blank\">\n\t\t\t\t\t\t\t<img loading=\"lazy\" decoding=\"async\" width=\"388\" height=\"501\" src=\"https:\/\/immobs.lu\/wp-content\/uploads\/2022\/04\/painting2.jpg\" class=\"elementor-animation-bob attachment-large size-large\" alt=\"\" srcset=\"https:\/\/immobs.lu\/wp-content\/uploads\/2022\/04\/painting2.jpg 388w, https:\/\/immobs.lu\/wp-content\/uploads\/2022\/04\/painting2-232x300.jpg 232w, https:\/\/immobs.lu\/wp-content\/uploads\/2022\/04\/painting2-9x12.jpg 9w\" sizes=\"auto, (max-width: 388px) 100vw, 388px\" \/>\t\t\t\t\t\t\t\t<\/a>\n\t\t\t\t\t\t\t\t\t\t\t\t\t\t\t<\/div>\n\t\t\t\t<\/div>\n\t\t\t\t\t<\/div>\n\t\t<\/div>\n\t\t\t\t\t\t\t<\/div>\n\t\t<\/section>\n\t\t\t\t<div class=\"elementor-element elementor-element-ec87e66 elementor-widget elementor-widget-spacer\" data-id=\"ec87e66\" data-element_type=\"widget\" data-widget_type=\"spacer.default\">\n\t\t\t\t<div class=\"elementor-widget-container\">\n\t\t\t<style>\/*! elementor - v3.6.4 - 13-04-2022 *\/\n.e-container.e-container--row .elementor-spacer-inner{width:var(--spacer-size)}.e-container.e-container--column .elementor-spacer-inner,.elementor-column .elementor-spacer-inner{height:var(--spacer-size)}<\/style>\t\t<div class=\"elementor-spacer\">\n\t\t\t<div class=\"elementor-spacer-inner\"><\/div>\n\t\t<\/div>\n\t\t\t\t<\/div>\n\t\t\t\t<\/div>\n\t\t\t\t<div class=\"elementor-element elementor-element-bb78056 elementor-widget elementor-widget-ube-button\" data-id=\"bb78056\" data-element_type=\"widget\" data-widget_type=\"ube-button.default\">\n\t\t\t\t<div class=\"elementor-widget-container\">\n\t\t\t<a class=\"ube-btn btn btn-lg btn-square btn-accent elementor-animation-shrink\" href=\"https:\/\/gradilux.lu\" target=\"_blank\">\n\t\t<span class=\"ube-btn-text\">EN SAVOIR PLUS SUR NOTRE SITE INTERNET | WWW.GRADILUX.LU<\/span>\n\t<\/a>\n\n\n\t\t<\/div>\n\t\t\t\t<\/div>\n\t\t\t\t<div class=\"elementor-element elementor-element-f5c9e4c elementor-widget elementor-widget-spacer\" data-id=\"f5c9e4c\" data-element_type=\"widget\" data-widget_type=\"spacer.default\">\n\t\t\t\t<div class=\"elementor-widget-container\">\n\t\t\t\t\t<div class=\"elementor-spacer\">\n\t\t\t<div class=\"elementor-spacer-inner\"><\/div>\n\t\t<\/div>\n\t\t\t\t<\/div>\n\t\t\t\t<\/div>\n\t\t\t\t\t<\/div>\n\t\t<\/div>\n\t\t\t\t\t\t\t<\/div>\n\t\t<\/section>\n\t\t\t\t\t\t\t<\/div>","protected":false},"excerpt":{"rendered":"<p>Construction Bienvenue chez Gradilux S\u00e0rl Gradilux est une entreprise familiale, qui c&rsquo;est concentr\u00e9e sur les travaux de construction, r\u00e9novation, am\u00e9nagement, fa\u00e7ades, etc. Nous vous offrons un service complet! Convaincu de nos capacit\u00e9s, nous n&rsquo;avons aucune limite au niveau de l\u2019ex\u00e9cution. Notre objectif est de livrer, dans le respect des d\u00e9lais et du budget, une construction [&hellip;]<\/p>","protected":false},"author":1,"featured_media":0,"parent":0,"menu_order":0,"comment_status":"closed","ping_status":"closed","template":"elementor_header_footer","meta":{"footnotes":""},"class_list":["post-8911","page","type-page","status-publish","hentry"],"_links":{"self":[{"href":"https:\/\/immobs.lu\/en\/wp-json\/wp\/v2\/pages\/8911","targetHints":{"allow":["GET"]}}],"collection":[{"href":"https:\/\/immobs.lu\/en\/wp-json\/wp\/v2\/pages"}],"about":[{"href":"https:\/\/immobs.lu\/en\/wp-json\/wp\/v2\/types\/page"}],"author":[{"embeddable":true,"href":"https:\/\/immobs.lu\/en\/wp-json\/wp\/v2\/users\/1"}],"replies":[{"embeddable":true,"href":"https:\/\/immobs.lu\/en\/wp-json\/wp\/v2\/comments?post=8911"}],"version-history":[{"count":55,"href":"https:\/\/immobs.lu\/en\/wp-json\/wp\/v2\/pages\/8911\/revisions"}],"predecessor-version":[{"id":9546,"href":"https:\/\/immobs.lu\/en\/wp-json\/wp\/v2\/pages\/8911\/revisions\/9546"}],"wp:attachment":[{"href":"https:\/\/immobs.lu\/en\/wp-json\/wp\/v2\/media?parent=8911"}],"curies":[{"name":"wp","href":"https:\/\/api.w.org\/{rel}","templated":true}]}}