{"id":9218,"date":"2022-04-25T19:33:34","date_gmt":"2022-04-25T19:33:34","guid":{"rendered":"https:\/\/immobs.lu\/?page_id=9218"},"modified":"2022-04-25T19:37:23","modified_gmt":"2022-04-25T19:37:23","slug":"mentions-legales","status":"publish","type":"page","link":"https:\/\/immobs.lu\/en\/mentions-legales\/","title":{"rendered":"Legal Notice"},"content":{"rendered":"<div data-elementor-type=\"wp-page\" data-elementor-id=\"9218\" class=\"elementor elementor-9218\">\n\t\t\t\t\t\t\t\t\t<section class=\"elementor-section elementor-top-section elementor-element elementor-element-9ef8c70 elementor-section-boxed elementor-section-height-default elementor-section-height-default\" data-id=\"9ef8c70\" data-element_type=\"section\">\n\t\t\t\t\t\t<div class=\"elementor-container elementor-column-gap-default\">\n\t\t\t\t\t<div class=\"elementor-column elementor-col-100 elementor-top-column elementor-element elementor-element-32ae184\" data-id=\"32ae184\" data-element_type=\"column\">\n\t\t\t<div class=\"elementor-widget-wrap elementor-element-populated\">\n\t\t\t\t\t\t\t\t<div class=\"elementor-element elementor-element-3a5b0eb elementor-widget elementor-widget-heading\" data-id=\"3a5b0eb\" data-element_type=\"widget\" data-widget_type=\"heading.default\">\n\t\t\t\t<div class=\"elementor-widget-container\">\n\t\t\t<style>\/*! elementor - v3.6.4 - 13-04-2022 *\/\n.elementor-heading-title{padding:0;margin:0;line-height:1}.elementor-widget-heading .elementor-heading-title[class*=elementor-size-]>a{color:inherit;font-size:inherit;line-height:inherit}.elementor-widget-heading .elementor-heading-title.elementor-size-small{font-size:15px}.elementor-widget-heading .elementor-heading-title.elementor-size-medium{font-size:19px}.elementor-widget-heading .elementor-heading-title.elementor-size-large{font-size:29px}.elementor-widget-heading .elementor-heading-title.elementor-size-xl{font-size:39px}.elementor-widget-heading .elementor-heading-title.elementor-size-xxl{font-size:59px}<\/style><h2 class=\"elementor-heading-title elementor-size-default\">Legal Notice<\/h2>\t\t<\/div>\n\t\t\t\t<\/div>\n\t\t\t\t<div class=\"elementor-element elementor-element-d85ea9f elementor-widget elementor-widget-text-editor\" data-id=\"d85ea9f\" data-element_type=\"widget\" data-widget_type=\"text-editor.default\">\n\t\t\t\t<div class=\"elementor-widget-container\">\n\t\t\t<style>\/*! elementor - v3.6.4 - 13-04-2022 *\/\n.elementor-widget-text-editor.elementor-drop-cap-view-stacked .elementor-drop-cap{background-color:#818a91;color:#fff}.elementor-widget-text-editor.elementor-drop-cap-view-framed .elementor-drop-cap{color:#818a91;border:3px solid;background-color:transparent}.elementor-widget-text-editor:not(.elementor-drop-cap-view-default) .elementor-drop-cap{margin-top:8px}.elementor-widget-text-editor:not(.elementor-drop-cap-view-default) .elementor-drop-cap-letter{width:1em;height:1em}.elementor-widget-text-editor .elementor-drop-cap{float:left;text-align:center;line-height:1;font-size:50px}.elementor-widget-text-editor .elementor-drop-cap-letter{display:inline-block}<\/style>\t\t\t\t<p>The site is published by BS Immo SARL, the director of publication is Adnan Muratovi\u0107.<\/p><p>Rights protected<\/p><p>The elements constituting this site, developed by Admonet LLC. and hosted by Admonet LLC, are protected by applicable copyright, trademark, design and unfair competition laws.<\/p><p>They include in particular the architecture, the graphic charter (including the colors, the fonts and the graphic organization of the screens), as well as all the information and elements available on the website, such as in particular the texts, articles , photographs, illustrations, images, trademarks and logos.<\/p><p>Any reproduction, representation, distribution and\/or exploitation of all or part of these elements, by any means, in any form and for any purpose whatsoever, is prohibited, except with the express prior written authorization of BS Immo SARL<\/p><p>Any person who does not comply with the applicable legal provisions is guilty of the offense of counterfeiting and is liable to the criminal penalties provided for by law, notwithstanding any other recourse by BS Immo SARL<\/p><p>Territorial jurisdiction and applicable law<\/p><p>The Luxembourg courts have jurisdiction to hear any disputes relating to the use, interpretation and execution of the information and data appearing on this site.<\/p><p>The applicable law is Luxembourg law.<\/p>\t\t\t\t\t\t<\/div>\n\t\t\t\t<\/div>\n\t\t\t\t\t<\/div>\n\t\t<\/div>\n\t\t\t\t\t\t\t<\/div>\n\t\t<\/section>\n\t\t\t\t\t\t\t<\/div>","protected":false},"excerpt":{"rendered":"<p>Mentions L\u00e9gales Le site est \u00e9dit\u00e9 par BS Immo SARL, le directeur de la publication est Adnan Muratovi\u0107. Droits prot\u00e9g\u00e9s Les \u00e9l\u00e9ments constituant le pr\u00e9sent site, d\u00e9velopp\u00e9s par Admonet LLC. et heberg\u00e9s par Admonet LLC, sont prot\u00e9g\u00e9s par la l\u00e9gislation applicable en mati\u00e8re de droit d\u2019auteur, de droit des marques, de droit des dessins et [&hellip;]<\/p>","protected":false},"author":1,"featured_media":0,"parent":0,"menu_order":0,"comment_status":"closed","ping_status":"closed","template":"elementor_header_footer","meta":{"footnotes":""},"class_list":["post-9218","page","type-page","status-publish","hentry"],"_links":{"self":[{"href":"https:\/\/immobs.lu\/en\/wp-json\/wp\/v2\/pages\/9218","targetHints":{"allow":["GET"]}}],"collection":[{"href":"https:\/\/immobs.lu\/en\/wp-json\/wp\/v2\/pages"}],"about":[{"href":"https:\/\/immobs.lu\/en\/wp-json\/wp\/v2\/types\/page"}],"author":[{"embeddable":true,"href":"https:\/\/immobs.lu\/en\/wp-json\/wp\/v2\/users\/1"}],"replies":[{"embeddable":true,"href":"https:\/\/immobs.lu\/en\/wp-json\/wp\/v2\/comments?post=9218"}],"version-history":[{"count":5,"href":"https:\/\/immobs.lu\/en\/wp-json\/wp\/v2\/pages\/9218\/revisions"}],"predecessor-version":[{"id":9223,"href":"https:\/\/immobs.lu\/en\/wp-json\/wp\/v2\/pages\/9218\/revisions\/9223"}],"wp:attachment":[{"href":"https:\/\/immobs.lu\/en\/wp-json\/wp\/v2\/media?parent=9218"}],"curies":[{"name":"wp","href":"https:\/\/api.w.org\/{rel}","templated":true}]}}